{"id":543,"date":"2023-05-09T10:24:11","date_gmt":"2023-05-09T08:24:11","guid":{"rendered":"https:\/\/reforts.cat\/contacto\/"},"modified":"2023-05-31T10:40:26","modified_gmt":"2023-05-31T08:40:26","slug":"contacto","status":"publish","type":"page","link":"https:\/\/reforts.cat\/es\/contacto\/","title":{"rendered":"CONTACTO"},"content":{"rendered":"<p>[et_pb_section fb_built=&#8221;1&#8243; _builder_version=&#8221;4.21.0&#8243; _module_preset=&#8221;default&#8221; background_color=&#8221;rgba(0,0,0,0.5)&#8221; background_image=&#8221;https:\/\/reforts.cat\/wp-content\/uploads\/2023\/05\/reforts-botiga-interior-scaled.webp&#8221; background_size=&#8221;custom&#8221; background_image_width=&#8221;100%&#8221; background_blend=&#8221;multiply&#8221; height=&#8221;230px&#8221; height_tablet=&#8221;230px&#8221; height_phone=&#8221;145px&#8221; height_last_edited=&#8221;on|phone&#8221; custom_margin=&#8221;||30px||false|false&#8221; custom_margin_tablet=&#8221;||30px||false|false&#8221; custom_margin_phone=&#8221;||0px||false|false&#8221; custom_margin_last_edited=&#8221;on|phone&#8221; background_last_edited=&#8221;on|phone&#8221; background_size_phone=&#8221;cover&#8221; background_image_width_phone=&#8221;100%&#8221; background_image_height_phone=&#8221;0%&#8221; locked=&#8221;off&#8221; global_colors_info=&#8221;{}&#8221;][et_pb_row _builder_version=&#8221;4.21.0&#8243; _module_preset=&#8221;default&#8221; min_height=&#8221;33px&#8221; custom_margin=&#8221;30px||||false|false&#8221; custom_margin_tablet=&#8221;30px||||false|false&#8221; custom_margin_phone=&#8221;-20px||||false|false&#8221; custom_margin_last_edited=&#8221;on|desktop&#8221; global_colors_info=&#8221;{}&#8221;][et_pb_column type=&#8221;4_4&#8243; _builder_version=&#8221;4.21.0&#8243; _module_preset=&#8221;default&#8221; global_colors_info=&#8221;{}&#8221;][et_pb_text _builder_version=&#8221;4.21.0&#8243; _module_preset=&#8221;default&#8221; header_font=&#8221;|800|||||||&#8221; header_6_font=&#8221;Source Serif Pro|700|||||||&#8221; header_6_font_size=&#8221;50px&#8221; global_colors_info=&#8221;{}&#8221;]<\/p>\n<h6 style=\"text-align: center;\"><span style=\"color: #ffffff;\">Contacto<\/span><\/h6>\n<p>[\/et_pb_text][\/et_pb_column][\/et_pb_row][\/et_pb_section][et_pb_section fb_built=&#8221;1&#8243; custom_padding_last_edited=&#8221;on|tablet&#8221; _builder_version=&#8221;4.21.0&#8243; _module_preset=&#8221;default&#8221; custom_padding_tablet=&#8221;||0px||false|false&#8221; custom_padding_phone=&#8221;||0px||false|false&#8221; locked=&#8221;off&#8221; global_colors_info=&#8221;{}&#8221;][et_pb_row column_structure=&#8221;1_3,2_3&#8243; _builder_version=&#8221;4.21.0&#8243; _module_preset=&#8221;default&#8221; width=&#8221;90%&#8221; hover_enabled=&#8221;0&#8243; global_colors_info=&#8221;{}&#8221; sticky_enabled=&#8221;0&#8243;][et_pb_column type=&#8221;1_3&#8243; _builder_version=&#8221;4.21.0&#8243; _module_preset=&#8221;default&#8221; global_colors_info=&#8221;{}&#8221;][et_pb_text _builder_version=&#8221;4.21.0&#8243; _module_preset=&#8221;default&#8221; header_2_font=&#8221;Source Serif Pro|900|||||||&#8221; header_2_font_size=&#8221;40px&#8221; header_3_font=&#8221;Roboto||on||||||&#8221; header_3_font_size=&#8221;30px&#8221; header_5_font=&#8221;Roboto|700|on||||||&#8221; header_6_font=&#8221;Roboto||on||||||&#8221; header_6_text_color=&#8221;#9e9e9e&#8221; custom_margin=&#8221;3px|||||&#8221; locked=&#8221;off&#8221; global_colors_info=&#8221;{}&#8221;]<\/p>\n<h6><span style=\"color: #808080;\">Donde estamos<\/span><\/h6>\n<h2><span style=\"color: #000000;\">CONTACTA<\/span><\/h2>\n<h5><span style=\"color: #000000;\">Metro L3 Pla\u00e7a del Centre<\/span><\/h5>\n<p>[\/et_pb_text][et_pb_divider divider_weight=&#8221;2px&#8221; _builder_version=&#8221;4.21.0&#8243; _module_preset=&#8221;default&#8221; width=&#8221;19%&#8221; locked=&#8221;off&#8221; global_colors_info=&#8221;{}&#8221;][\/et_pb_divider][et_pb_text _builder_version=&#8221;4.21.0&#8243; _module_preset=&#8221;default&#8221; text_text_color=&#8221;#000000&#8243; header_text_color=&#8221;#000000&#8243; custom_css_before=&#8221;content:&#8217;%92f3c5&#8242;;||font-family:&#8217;FontAwesome&#8217;;||background-repeat:no-repeat;||background-position:center;||width:18px;||height:18px;||margin-right:0.8em;&#8221; custom_css_main_element=&#8221;display:flex;||min-width:100%;&#8221; global_colors_info=&#8221;{}&#8221;]<a href=\"https:\/\/goo.gl\/maps\/C2ityz2g7dacsiiz7\" target=\"_blank\" rel=\"noopener\">Calle del Vallespir, 89<\/a>[\/et_pb_text][et_pb_text _builder_version=&#8221;4.21.0&#8243; _module_preset=&#8221;default&#8221; text_text_color=&#8221;#000000&#8243; header_text_color=&#8221;#000000&#8243; custom_css_before=&#8221;content:&#8217;%92f095&#8242;;||font-family:&#8217;FontAwesome&#8217;;||background-repeat:no-repeat;||background-position:center;||width:18px;||height:18px;||margin-right:0.8em;&#8221; custom_css_main_element=&#8221;display:flex;||min-width:100%;&#8221; global_colors_info=&#8221;{}&#8221;]<\/p>\n<p><a href=\"tel:+34933396322\">+34 933 39 63 22<\/a><\/p>\n<p>[\/et_pb_text][et_pb_text _builder_version=&#8221;4.21.0&#8243; _module_preset=&#8221;default&#8221; text_text_color=&#8221;#000000&#8243; header_text_color=&#8221;#000000&#8243; custom_css_before=&#8221;content:&#8217;%92f017&#8242;;||font-family:&#8217;FontAwesome&#8217;;||background-repeat:no-repeat;||background-position:center;||width:18px;||height:18px;||margin-right:0.8em;&#8221; custom_css_main_element=&#8221;display:flex;||min-width:100%;&#8221; global_colors_info=&#8221;{}&#8221;]<\/p>\n<p><strong>Horario<\/strong><br \/><strong>De Lunes a Viernes<\/strong><br \/>9:30 a 14:00 y de 17:00 a 20:30<br \/><strong>S\u00e1bado<\/strong><br \/>10:00 a 14:00<\/p>\n<p>[\/et_pb_text][\/et_pb_column][et_pb_column type=&#8221;2_3&#8243; _builder_version=&#8221;4.21.0&#8243; _module_preset=&#8221;default&#8221; global_colors_info=&#8221;{}&#8221;][et_pb_image src=&#8221;https:\/\/reforts.cat\/wp-content\/uploads\/2023\/05\/reforts-contacte-botiga-exterior-scaled.webp&#8221; title_text=&#8221;reforts-contacte-botiga-exterior&#8221; align=&#8221;right&#8221; _builder_version=&#8221;4.21.0&#8243; _module_preset=&#8221;default&#8221; max_width=&#8221;74%&#8221; max_width_tablet=&#8221;100%&#8221; max_width_phone=&#8221;100%&#8221; max_width_last_edited=&#8221;on|tablet&#8221; global_colors_info=&#8221;{}&#8221;][\/et_pb_image][\/et_pb_column][\/et_pb_row][\/et_pb_section][et_pb_section fb_built=&#8221;1&#8243; custom_padding_last_edited=&#8221;on|tablet&#8221; _builder_version=&#8221;4.21.0&#8243; _module_preset=&#8221;default&#8221; custom_padding_tablet=&#8221;0px||0px||false|false&#8221; custom_padding_phone=&#8221;0px||0px||false|false&#8221; global_colors_info=&#8221;{}&#8221;][et_pb_row _builder_version=&#8221;4.21.0&#8243; _module_preset=&#8221;default&#8221; width=&#8221;100%&#8221; width_tablet=&#8221;90%&#8221; width_phone=&#8221;90%&#8221; width_last_edited=&#8221;on|tablet&#8221; max_width=&#8221;1760px&#8221; global_colors_info=&#8221;{}&#8221;][et_pb_column type=&#8221;4_4&#8243; _builder_version=&#8221;4.21.0&#8243; _module_preset=&#8221;default&#8221; global_colors_info=&#8221;{}&#8221;][et_pb_code _builder_version=&#8221;4.21.0&#8243; _module_preset=&#8221;default&#8221; height=&#8221;599px&#8221; custom_margin=&#8221;||||false|false&#8221; custom_margin_tablet=&#8221;||4em||false|false&#8221; custom_margin_phone=&#8221;||4em||false|false&#8221; custom_margin_last_edited=&#8221;on|tablet&#8221; custom_padding=&#8221;||||false|false&#8221; global_colors_info=&#8221;{}&#8221;]<iframe src=\"https:\/\/www.google.com\/maps\/embed?pb=!1m18!1m12!1m3!1d2993.679386273134!2d2.1332947104916853!3d41.38104999627033!2m3!1f0!2f0!3f0!3m2!1i1024!2i768!4f13.1!3m3!1m2!1s0x12a49887f0ddcebb%3A0xa16c2cf3c3c2f054!2sRefort's!5e0!3m2!1ses!2ses!4v1683717754441!5m2!1ses!2ses\" width=\"100%\" height=\"600\" style=\"border:0;\" allowfullscreen=\"\" loading=\"lazy\" referrerpolicy=\"no-referrer-when-downgrade\"><\/iframe>[\/et_pb_code][et_pb_code _builder_version=&#8221;4.21.0&#8243; _module_preset=&#8221;default&#8221; background_color=&#8221;#000000&#8243; z_index=&#8221;9&#8243; max_width=&#8221;450px&#8221; custom_margin=&#8221;-580px|||14%|false|false&#8221; custom_margin_tablet=&#8221;0px|0%||0%|false|true&#8221; custom_margin_phone=&#8221;0px|0%||0%|false|true&#8221; custom_margin_last_edited=&#8221;on|tablet&#8221; custom_padding=&#8221;1em|2em|1em|2em|true|true&#8221; text_orientation_tablet=&#8221;center&#8221; text_orientation_phone=&#8221;center&#8221; text_orientation_last_edited=&#8221;on|tablet&#8221; module_alignment_tablet=&#8221;center&#8221; module_alignment_phone=&#8221;center&#8221; module_alignment_last_edited=&#8221;on|tablet&#8221; global_colors_info=&#8221;{}&#8221;]\n<div class=\"wpcf7 no-js\" id=\"wpcf7-f542-o1\" lang=\"es\" dir=\"ltr\">\n<div class=\"screen-reader-response\"><p role=\"status\" aria-live=\"polite\" aria-atomic=\"true\"><\/p> <ul><\/ul><\/div>\n<form action=\"\/es\/wp-json\/wp\/v2\/pages\/543#wpcf7-f542-o1\" method=\"post\" class=\"wpcf7-form init\" aria-label=\"Contact form\" novalidate=\"novalidate\" data-status=\"init\">\n<div style=\"display: none;\">\n<input type=\"hidden\" name=\"_wpcf7\" value=\"542\" \/>\n<input type=\"hidden\" name=\"_wpcf7_version\" value=\"5.7.6\" \/>\n<input type=\"hidden\" name=\"_wpcf7_locale\" value=\"es\" \/>\n<input type=\"hidden\" name=\"_wpcf7_unit_tag\" value=\"wpcf7-f542-o1\" \/>\n<input type=\"hidden\" name=\"_wpcf7_container_post\" value=\"0\" \/>\n<input type=\"hidden\" name=\"_wpcf7_posted_data_hash\" value=\"\" \/>\n<\/div>\n<div class=\"formulari-contacte\">\n\t<h4 style=\"color:white;text-align:center;font-size:25px;font-weight:600;\">Formulario de contacto\n\t<\/h4>\n\t<p><span class=\"wpcf7-form-control-wrap\" data-name=\"your-name\"><input size=\"40\" class=\"wpcf7-form-control wpcf7-text wpcf7-validates-as-required\" autocomplete=\"name\" aria-required=\"true\" aria-invalid=\"false\" placeholder=\"Nombre\" value=\"\" type=\"text\" name=\"your-name\" \/><\/span>\n\t<\/p>\n\t<p><span class=\"wpcf7-form-control-wrap\" data-name=\"telefono\"><input size=\"40\" class=\"wpcf7-form-control wpcf7-text wpcf7-tel wpcf7-validates-as-required wpcf7-validates-as-tel\" autocomplete=\"phone\" aria-required=\"true\" aria-invalid=\"false\" placeholder=\"Tel\u00e9fono *\" value=\"\" type=\"tel\" name=\"telefono\" \/><\/span>\n\t<\/p>\n\t<p><span class=\"wpcf7-form-control-wrap\" data-name=\"your-email\"><input size=\"40\" class=\"wpcf7-form-control wpcf7-text wpcf7-email wpcf7-validates-as-required wpcf7-validates-as-email\" autocomplete=\"email\" aria-required=\"true\" aria-invalid=\"false\" placeholder=\"Correo electr\u00f3nico *\" value=\"\" type=\"email\" name=\"your-email\" \/><\/span>\n\t<\/p>\n\t<p><span class=\"wpcf7-form-control-wrap\" data-name=\"your-message\"><textarea cols=\"40\" rows=\"10\" class=\"wpcf7-form-control wpcf7-textarea wpcf7-validates-as-required\" aria-required=\"true\" aria-invalid=\"false\" placeholder=\"Mensaje *\" name=\"your-message\"><\/textarea><\/span>\n\t<\/p>\n\t<p style=\"color:white;\">(*) Los campos marcados con un asterisco son obligatorios\n\t<\/p>\n\t<p><label class=\"politica-form\" style=\"color:white;\"><span class=\"wpcf7-form-control-wrap\" data-name=\"privacidad\"><span class=\"wpcf7-form-control wpcf7-acceptance\"><span class=\"wpcf7-list-item\"><input type=\"checkbox\" name=\"privacidad\" value=\"1\" aria-invalid=\"false\" \/><\/span><\/span><\/span> Enviando este email aceptas nuestra <a href=\"\/politica-de-privacitat\/\" style=\"color:white;\">Pol\u00edtica de Privacidad<\/a><\/label>\n\t<\/p>\n\t<p><span id=\"wpcf7-69eb2e9d52072-wrapper\" class=\"wpcf7-form-control-wrap email-wrap\" style=\"display:none !important; visibility:hidden !important;\"><label for=\"wpcf7-69eb2e9d52072-field\" class=\"hp-message\">Please leave this field empty.<\/label><input id=\"wpcf7-69eb2e9d52072-field\"  class=\"wpcf7-form-control wpcf7-text\" type=\"text\" name=\"email\" value=\"\" size=\"40\" tabindex=\"-1\" autocomplete=\"new-password\" \/><\/span>\n\t<\/p>\n\t<p><input class=\"wpcf7-form-control has-spinner wpcf7-submit\" type=\"submit\" value=\"Enviar\" \/>\n\t<\/p>\n<\/div><div class=\"wpcf7-response-output\" aria-hidden=\"true\"><\/div>\n<\/form>\n<\/div>\n[\/et_pb_code][\/et_pb_column][\/et_pb_row][\/et_pb_section]<\/p>\n","protected":false},"excerpt":{"rendered":"<p>ContactoDonde estamos CONTACTA Metro L3 Pla\u00e7a del CentreCalle del Vallespir, 89+34 933 39 63 22HorarioDe Lunes a Viernes9:30 a 14:00 y de 17:00 a 20:30S\u00e1bado10:00 a 14:00\n<div class=\"wpcf7 no-js\" id=\"wpcf7-f542-o2\" lang=\"es\" dir=\"ltr\">\n<div class=\"screen-reader-response\"><p role=\"status\" aria-live=\"polite\" aria-atomic=\"true\"><\/p> <ul><\/ul><\/div>\n<form action=\"\/es\/wp-json\/wp\/v2\/pages\/543#wpcf7-f542-o2\" method=\"post\" class=\"wpcf7-form init\" aria-label=\"Contact form\" novalidate=\"novalidate\" data-status=\"init\">\n<div style=\"display: none;\">\n<input type=\"hidden\" name=\"_wpcf7\" value=\"542\" \/>\n<input type=\"hidden\" name=\"_wpcf7_version\" value=\"5.7.6\" \/>\n<input type=\"hidden\" name=\"_wpcf7_locale\" value=\"es\" \/>\n<input type=\"hidden\" name=\"_wpcf7_unit_tag\" value=\"wpcf7-f542-o2\" \/>\n<input type=\"hidden\" name=\"_wpcf7_container_post\" value=\"0\" \/>\n<input type=\"hidden\" name=\"_wpcf7_posted_data_hash\" value=\"\" \/>\n<\/div>\n<div class=\"formulari-contacte\">\n\t<h4 style=\"color:white;text-align:center;font-size:25px;font-weight:600;\">Formulario de contacto\n\t<\/h4>\n\t<p><span class=\"wpcf7-form-control-wrap\" data-name=\"your-name\"><input size=\"40\" class=\"wpcf7-form-control wpcf7-text wpcf7-validates-as-required\" autocomplete=\"name\" aria-required=\"true\" aria-invalid=\"false\" placeholder=\"Nombre\" value=\"\" type=\"text\" name=\"your-name\" \/><\/span>\n\t<\/p>\n\t<p><span class=\"wpcf7-form-control-wrap\" data-name=\"telefono\"><input size=\"40\" class=\"wpcf7-form-control wpcf7-text wpcf7-tel wpcf7-validates-as-required wpcf7-validates-as-tel\" autocomplete=\"phone\" aria-required=\"true\" aria-invalid=\"false\" placeholder=\"Tel\u00e9fono *\" value=\"\" type=\"tel\" name=\"telefono\" \/><\/span>\n\t<\/p>\n\t<p><span class=\"wpcf7-form-control-wrap\" data-name=\"your-email\"><input size=\"40\" class=\"wpcf7-form-control wpcf7-text wpcf7-email wpcf7-validates-as-required wpcf7-validates-as-email\" autocomplete=\"email\" aria-required=\"true\" aria-invalid=\"false\" placeholder=\"Correo electr\u00f3nico *\" value=\"\" type=\"email\" name=\"your-email\" \/><\/span>\n\t<\/p>\n\t<p><span class=\"wpcf7-form-control-wrap\" data-name=\"your-message\"><textarea cols=\"40\" rows=\"10\" class=\"wpcf7-form-control wpcf7-textarea wpcf7-validates-as-required\" aria-required=\"true\" aria-invalid=\"false\" placeholder=\"Mensaje *\" name=\"your-message\"><\/textarea><\/span>\n\t<\/p>\n\t<p style=\"color:white;\">(*) Los campos marcados con un asterisco son obligatorios\n\t<\/p>\n\t<p><label class=\"politica-form\" style=\"color:white;\"><span class=\"wpcf7-form-control-wrap\" data-name=\"privacidad\"><span class=\"wpcf7-form-control wpcf7-acceptance\"><span class=\"wpcf7-list-item\"><input type=\"checkbox\" name=\"privacidad\" value=\"1\" aria-invalid=\"false\" \/><\/span><\/span><\/span> Enviando este email aceptas nuestra <a href=\"\/politica-de-privacitat\/\" style=\"color:white;\">Pol\u00edtica de Privacidad<\/a><\/label>\n\t<\/p>\n\t<p><span id=\"wpcf7-69eb2e9f2a9d7-wrapper\" class=\"wpcf7-form-control-wrap email-wrap\" style=\"display:none !important; visibility:hidden !important;\"><label for=\"wpcf7-69eb2e9f2a9d7-field\" class=\"hp-message\">Please leave this field empty.<\/label><input id=\"wpcf7-69eb2e9f2a9d7-field\"  class=\"wpcf7-form-control wpcf7-text\" type=\"text\" name=\"email\" value=\"\" size=\"40\" tabindex=\"-1\" autocomplete=\"new-password\" \/><\/span>\n\t<\/p>\n\t<p><input class=\"wpcf7-form-control has-spinner wpcf7-submit\" type=\"submit\" value=\"Enviar\" \/>\n\t<\/p>\n<\/div><div class=\"wpcf7-response-output\" aria-hidden=\"true\"><\/div>\n<\/form>\n<\/div>\n<\/p>\n","protected":false},"author":1,"featured_media":338,"parent":0,"menu_order":0,"comment_status":"closed","ping_status":"closed","template":"","meta":{"_et_pb_use_builder":"on","_et_pb_old_content":"","_et_gb_content_width":"","inline_featured_image":false},"yoast_head":"<!-- This site is optimized with the Yoast SEO plugin v20.8 - https:\/\/yoast.com\/wordpress\/plugins\/seo\/ -->\n<title>Refort&#039;s | Zapater\u00eda del barrio de Sants de Barcelona I Contacto<\/title>\n<meta name=\"description\" content=\"En nuestra tienda encontrar\u00e1s las mejores marcas, una amplia selecci\u00f3n de calzado de calidad a buen precio, adem\u00e1s de un trato personal y cercano.\" \/>\n<meta name=\"robots\" content=\"index, follow, max-snippet:-1, max-image-preview:large, max-video-preview:-1\" \/>\n<link rel=\"canonical\" href=\"https:\/\/reforts.cat\/contacte\/\" \/>\n<meta property=\"og:locale\" content=\"es_ES\" \/>\n<meta property=\"og:type\" content=\"article\" \/>\n<meta property=\"og:title\" content=\"Refort&#039;s | Zapater\u00eda del barrio de Sants de Barcelona I Contacto\" \/>\n<meta property=\"og:description\" content=\"En nuestra tienda encontrar\u00e1s las mejores marcas, una amplia selecci\u00f3n de calzado de calidad a buen precio, adem\u00e1s de un trato personal y cercano.\" \/>\n<meta property=\"og:url\" content=\"https:\/\/reforts.cat\/contacte\/\" \/>\n<meta property=\"og:site_name\" content=\"Refort&#039;s\" \/>\n<meta property=\"article:modified_time\" content=\"2023-05-31T08:40:26+00:00\" \/>\n<meta property=\"og:image\" content=\"https:\/\/reforts.cat\/wp-content\/uploads\/2023\/05\/qui-som-reforts.webp\" \/>\n\t<meta property=\"og:image:width\" content=\"1400\" \/>\n\t<meta property=\"og:image:height\" content=\"933\" \/>\n\t<meta property=\"og:image:type\" content=\"image\/webp\" \/>\n<meta name=\"twitter:card\" content=\"summary_large_image\" \/>\n<meta name=\"twitter:label1\" content=\"Est. reading time\" \/>\n\t<meta name=\"twitter:data1\" content=\"4 minutes\" \/>\n<script type=\"application\/ld+json\" class=\"yoast-schema-graph\">{\"@context\":\"https:\/\/schema.org\",\"@graph\":[{\"@type\":\"WebPage\",\"@id\":\"https:\/\/reforts.cat\/contacte\/\",\"url\":\"https:\/\/reforts.cat\/contacte\/\",\"name\":\"Refort's | Zapater\u00eda del barrio de Sants de Barcelona I Contacto\",\"isPartOf\":{\"@id\":\"https:\/\/reforts.cat\/#website\"},\"datePublished\":\"2023-05-09T08:24:11+00:00\",\"dateModified\":\"2023-05-31T08:40:26+00:00\",\"description\":\"En nuestra tienda encontrar\u00e1s las mejores marcas, una amplia selecci\u00f3n de calzado de calidad a buen precio, adem\u00e1s de un trato personal y cercano.\",\"breadcrumb\":{\"@id\":\"https:\/\/reforts.cat\/contacte\/#breadcrumb\"},\"inLanguage\":\"es\",\"potentialAction\":[{\"@type\":\"ReadAction\",\"target\":[\"https:\/\/reforts.cat\/contacte\/\"]}]},{\"@type\":\"BreadcrumbList\",\"@id\":\"https:\/\/reforts.cat\/contacte\/#breadcrumb\",\"itemListElement\":[{\"@type\":\"ListItem\",\"position\":1,\"name\":\"Portada\",\"item\":\"https:\/\/reforts.cat\/\"},{\"@type\":\"ListItem\",\"position\":2,\"name\":\"CONTACTO\"}]},{\"@type\":\"WebSite\",\"@id\":\"https:\/\/reforts.cat\/#website\",\"url\":\"https:\/\/reforts.cat\/\",\"name\":\"Reforts\",\"description\":\"Especialistes en cal\u00e7at, sabates, sabatilles i espardenyes\",\"publisher\":{\"@id\":\"https:\/\/reforts.cat\/#organization\"},\"potentialAction\":[{\"@type\":\"SearchAction\",\"target\":{\"@type\":\"EntryPoint\",\"urlTemplate\":\"https:\/\/reforts.cat\/?s={search_term_string}\"},\"query-input\":\"required name=search_term_string\"}],\"inLanguage\":\"es\"},{\"@type\":\"Organization\",\"@id\":\"https:\/\/reforts.cat\/#organization\",\"name\":\"Reforts\",\"url\":\"https:\/\/reforts.cat\/\",\"logo\":{\"@type\":\"ImageObject\",\"inLanguage\":\"es\",\"@id\":\"https:\/\/reforts.cat\/#\/schema\/logo\/image\/\",\"url\":\"https:\/\/reforts.cat\/wp-content\/uploads\/2023\/05\/reforts-logo-black.svg\",\"contentUrl\":\"https:\/\/reforts.cat\/wp-content\/uploads\/2023\/05\/reforts-logo-black.svg\",\"width\":\"1024\",\"height\":\"1024\",\"caption\":\"Reforts\"},\"image\":{\"@id\":\"https:\/\/reforts.cat\/#\/schema\/logo\/image\/\"}}]}<\/script>\n<!-- \/ Yoast SEO plugin. -->","yoast_head_json":{"title":"Refort's | Zapater\u00eda del barrio de Sants de Barcelona I Contacto","description":"En nuestra tienda encontrar\u00e1s las mejores marcas, una amplia selecci\u00f3n de calzado de calidad a buen precio, adem\u00e1s de un trato personal y cercano.","robots":{"index":"index","follow":"follow","max-snippet":"max-snippet:-1","max-image-preview":"max-image-preview:large","max-video-preview":"max-video-preview:-1"},"canonical":"https:\/\/reforts.cat\/contacte\/","og_locale":"es_ES","og_type":"article","og_title":"Refort's | Zapater\u00eda del barrio de Sants de Barcelona I Contacto","og_description":"En nuestra tienda encontrar\u00e1s las mejores marcas, una amplia selecci\u00f3n de calzado de calidad a buen precio, adem\u00e1s de un trato personal y cercano.","og_url":"https:\/\/reforts.cat\/contacte\/","og_site_name":"Refort&#039;s","article_modified_time":"2023-05-31T08:40:26+00:00","og_image":[{"width":1400,"height":933,"url":"https:\/\/reforts.cat\/wp-content\/uploads\/2023\/05\/qui-som-reforts.webp","type":"image\/webp"}],"twitter_card":"summary_large_image","twitter_misc":{"Est. reading time":"4 minutes"},"schema":{"@context":"https:\/\/schema.org","@graph":[{"@type":"WebPage","@id":"https:\/\/reforts.cat\/contacte\/","url":"https:\/\/reforts.cat\/contacte\/","name":"Refort's | Zapater\u00eda del barrio de Sants de Barcelona I Contacto","isPartOf":{"@id":"https:\/\/reforts.cat\/#website"},"datePublished":"2023-05-09T08:24:11+00:00","dateModified":"2023-05-31T08:40:26+00:00","description":"En nuestra tienda encontrar\u00e1s las mejores marcas, una amplia selecci\u00f3n de calzado de calidad a buen precio, adem\u00e1s de un trato personal y cercano.","breadcrumb":{"@id":"https:\/\/reforts.cat\/contacte\/#breadcrumb"},"inLanguage":"es","potentialAction":[{"@type":"ReadAction","target":["https:\/\/reforts.cat\/contacte\/"]}]},{"@type":"BreadcrumbList","@id":"https:\/\/reforts.cat\/contacte\/#breadcrumb","itemListElement":[{"@type":"ListItem","position":1,"name":"Portada","item":"https:\/\/reforts.cat\/"},{"@type":"ListItem","position":2,"name":"CONTACTO"}]},{"@type":"WebSite","@id":"https:\/\/reforts.cat\/#website","url":"https:\/\/reforts.cat\/","name":"Reforts","description":"Especialistes en cal\u00e7at, sabates, sabatilles i espardenyes","publisher":{"@id":"https:\/\/reforts.cat\/#organization"},"potentialAction":[{"@type":"SearchAction","target":{"@type":"EntryPoint","urlTemplate":"https:\/\/reforts.cat\/?s={search_term_string}"},"query-input":"required name=search_term_string"}],"inLanguage":"es"},{"@type":"Organization","@id":"https:\/\/reforts.cat\/#organization","name":"Reforts","url":"https:\/\/reforts.cat\/","logo":{"@type":"ImageObject","inLanguage":"es","@id":"https:\/\/reforts.cat\/#\/schema\/logo\/image\/","url":"https:\/\/reforts.cat\/wp-content\/uploads\/2023\/05\/reforts-logo-black.svg","contentUrl":"https:\/\/reforts.cat\/wp-content\/uploads\/2023\/05\/reforts-logo-black.svg","width":"1024","height":"1024","caption":"Reforts"},"image":{"@id":"https:\/\/reforts.cat\/#\/schema\/logo\/image\/"}}]}},"_links":{"self":[{"href":"https:\/\/reforts.cat\/es\/wp-json\/wp\/v2\/pages\/543"}],"collection":[{"href":"https:\/\/reforts.cat\/es\/wp-json\/wp\/v2\/pages"}],"about":[{"href":"https:\/\/reforts.cat\/es\/wp-json\/wp\/v2\/types\/page"}],"author":[{"embeddable":true,"href":"https:\/\/reforts.cat\/es\/wp-json\/wp\/v2\/users\/1"}],"replies":[{"embeddable":true,"href":"https:\/\/reforts.cat\/es\/wp-json\/wp\/v2\/comments?post=543"}],"version-history":[{"count":10,"href":"https:\/\/reforts.cat\/es\/wp-json\/wp\/v2\/pages\/543\/revisions"}],"predecessor-version":[{"id":801,"href":"https:\/\/reforts.cat\/es\/wp-json\/wp\/v2\/pages\/543\/revisions\/801"}],"wp:featuredmedia":[{"embeddable":true,"href":"https:\/\/reforts.cat\/es\/wp-json\/wp\/v2\/media\/338"}],"wp:attachment":[{"href":"https:\/\/reforts.cat\/es\/wp-json\/wp\/v2\/media?parent=543"}],"curies":[{"name":"wp","href":"https:\/\/api.w.org\/{rel}","templated":true}]}}